{"id":16272,"date":"2023-03-02T15:42:22","date_gmt":"2023-03-02T15:42:22","guid":{"rendered":"https:\/\/www.ahvillaglori.com\/?page_id=16272"},"modified":"2024-11-11T17:14:36","modified_gmt":"2024-11-11T17:14:36","slug":"condizioni","status":"publish","type":"page","link":"https:\/\/www.ahvillaglori.com\/it\/condizioni\/","title":{"rendered":"Condizioni"},"content":{"rendered":"\t\t<div data-elementor-type=\"wp-page\" data-elementor-id=\"16272\" class=\"elementor elementor-16272\" data-elementor-post-type=\"page\">\n\t\t\t\t\t\t\t\t\t<div class=\"elementor-section elementor-top-section elementor-element elementor-element-efe3b06 elementor-section-stretched elementor-section-height-min-height elementor-section-boxed elementor-section-height-default elementor-section-items-middle qodef-elementor-content-no\" data-id=\"efe3b06\" data-element_type=\"section\" data-settings=\"{&quot;stretch_section&quot;:&quot;section-stretched&quot;,&quot;background_background&quot;:&quot;classic&quot;}\">\n\t\t\t\t\t\t\t<div class=\"elementor-background-overlay\"><\/div>\n\t\t\t\t\t\t\t<div class=\"elementor-container elementor-column-gap-no\">\n\t\t\t\t\t<div class=\"elementor-column elementor-col-100 elementor-top-column elementor-element elementor-element-ac0ca6a\" data-id=\"ac0ca6a\" data-element_type=\"column\">\n\t\t\t<div class=\"elementor-widget-wrap elementor-element-populated\">\n\t\t\t\t\t\t\t\t\t<\/div>\n\t\t<\/div>\n\t\t\t\t\t\t\t<\/div>\n\t\t<\/div>\n\t\t\t\t<div class=\"elementor-section elementor-top-section elementor-element elementor-element-fd31d12 elementor-section-stretched elementor-section-boxed elementor-section-height-default elementor-section-height-default qodef-elementor-content-no\" data-id=\"fd31d12\" data-element_type=\"section\" data-settings=\"{&quot;stretch_section&quot;:&quot;section-stretched&quot;,&quot;background_background&quot;:&quot;classic&quot;}\">\n\t\t\t\t\t\t<div class=\"elementor-container elementor-column-gap-no\">\n\t\t\t\t\t<div class=\"elementor-column elementor-col-100 elementor-top-column elementor-element elementor-element-e48de2a\" data-id=\"e48de2a\" data-element_type=\"column\">\n\t\t\t<div class=\"elementor-widget-wrap elementor-element-populated\">\n\t\t\t\t\t\t\t\t<div class=\"elementor-element elementor-element-663160e elementor-widget elementor-widget-image\" data-id=\"663160e\" data-element_type=\"widget\" data-widget_type=\"image.default\">\n\t\t\t\t<div class=\"elementor-widget-container\">\n\t\t\t<style>\/*! elementor - v3.15.0 - 20-08-2023 *\/\n.elementor-widget-image{text-align:center}.elementor-widget-image a{display:inline-block}.elementor-widget-image a img[src$=\".svg\"]{width:48px}.elementor-widget-image img{vertical-align:middle;display:inline-block}<\/style>\t\t\t\t\t\t\t\t\t\t\t\t<img loading=\"lazy\" decoding=\"async\" width=\"59\" height=\"26\" src=\"https:\/\/www.ahvillaglori.com\/wp-content\/uploads\/2022\/12\/logo-ah-villa-glori-brescia-sm.png\" class=\"attachment-large size-large wp-image-13248\" alt=\"\" \/>\t\t\t\t\t\t\t\t\t\t\t\t\t\t\t<\/div>\n\t\t\t\t<\/div>\n\t\t\t\t<div class=\"elementor-element elementor-element-eec270f elementor-widget elementor-widget-heading\" data-id=\"eec270f\" data-element_type=\"widget\" data-widget_type=\"heading.default\">\n\t\t\t\t<div class=\"elementor-widget-container\">\n\t\t\t<style>\/*! elementor - v3.15.0 - 20-08-2023 *\/\n.elementor-heading-title{padding:0;margin:0;line-height:1}.elementor-widget-heading .elementor-heading-title[class*=elementor-size-]>a{color:inherit;font-size:inherit;line-height:inherit}.elementor-widget-heading .elementor-heading-title.elementor-size-small{font-size:15px}.elementor-widget-heading .elementor-heading-title.elementor-size-medium{font-size:19px}.elementor-widget-heading .elementor-heading-title.elementor-size-large{font-size:29px}.elementor-widget-heading .elementor-heading-title.elementor-size-xl{font-size:39px}.elementor-widget-heading .elementor-heading-title.elementor-size-xxl{font-size:59px}<\/style><h2 class=\"elementor-heading-title elementor-size-default\">Condizioni Ah Villaglori<\/h2>\t\t<\/div>\n\t\t\t\t<\/div>\n\t\t\t\t<div class=\"elementor-element elementor-element-bb71d51 elementor-widget elementor-widget-qi_addons_for_elementor_separator\" data-id=\"bb71d51\" data-element_type=\"widget\" data-widget_type=\"qi_addons_for_elementor_separator.default\">\n\t\t\t\t<div class=\"elementor-widget-container\">\n\t\t\t<div class=\"qodef-shortcode qodef-m  qodef-qi-separator qodef-qi-clear qodef-separator--standard qodef-position--center\">\n\t<div class=\"qodef-m-line\"><\/div>\n<\/div>\n\t\t<\/div>\n\t\t\t\t<\/div>\n\t\t\t\t<div class=\"elementor-element elementor-element-fac0177 elementor-widget elementor-widget-text-editor\" data-id=\"fac0177\" data-element_type=\"widget\" data-widget_type=\"text-editor.default\">\n\t\t\t\t<div class=\"elementor-widget-container\">\n\t\t\t<style>\/*! elementor - v3.15.0 - 20-08-2023 *\/\n.elementor-widget-text-editor.elementor-drop-cap-view-stacked .elementor-drop-cap{background-color:#69727d;color:#fff}.elementor-widget-text-editor.elementor-drop-cap-view-framed .elementor-drop-cap{color:#69727d;border:3px solid;background-color:transparent}.elementor-widget-text-editor:not(.elementor-drop-cap-view-default) .elementor-drop-cap{margin-top:8px}.elementor-widget-text-editor:not(.elementor-drop-cap-view-default) .elementor-drop-cap-letter{width:1em;height:1em}.elementor-widget-text-editor .elementor-drop-cap{float:left;text-align:center;line-height:1;font-size:50px}.elementor-widget-text-editor .elementor-drop-cap-letter{display:inline-block}<\/style>\t\t\t\t<p><u>RECEPTION<\/u><br \/>Lun &#8211; Ven: 08:30 &#8211; 13:30<\/p><p>Sab: 09:00 &#8211; 12:00<\/p><p>Dom: chiuso<\/p><p><u>SELF CHECK IN<\/u> &gt; 14:30<\/p><p><u>CHECK OUT<\/u>&gt; 08:30 -10:00<\/p><p><u>PARCHEGGIO<\/u><br \/>Parcheggio gratuito su disponibilit\u00e0, incluso nella tariffa standard, previa prenotazione in reception<\/p><p><u>CAMERE\/APPARTAMENTI<\/u><br \/><u>BILOCALE COMFORT <\/u>\u00a0Tre appartamenti di questa tipologia, sono dotati di una camera da letto matrimoniale, un bagno e un soggiorno con cucina attrezzata.<\/p><p><u>BILOCALE PREMIUM <\/u>\u00a0Quattro appartamenti di questa tipologia, sono dotati di una camera da letto matrimoniale, un bagno, un soggiorno con cucina attrezzata, e un balcone privato.<\/p><p><u>BILOCALE SUPERIOR <\/u>\u00a0Un appartamento di questa tipologia, sono dotati di una camera da letto, un bagno, un ampio soggiorno con cucina attrezzata e un balcone privato.<\/p><p><u>MULTILIVING <\/u>Tre appartamenti di questa tipologia sono dotati di un bilocale formato da un soggiorno con cucina attrezzata, una camera da letto matrimoniale, un bagno, e due camere da letto matrimoniali con bagno adiacenti.<\/p><p><u>CAMERA DOPPIA <\/u><u>\u00a0<\/u>Quattro camera da letto matrimoniale con bagno, senza cucina, dotate di frigobar.<\/p><p><u>LETTI AGGIUNTIVI<\/u><br \/>Non sono previsti letti supplementari nelle camere e negli appartamenti, per esigenze rivolgersi in reception.<\/p><p><u>PULIZIA<\/u><br \/>Per i soggiorni settimanali \u00e8 prevista una pulizia iniziale e una pulizia finale degli appartamenti.<\/p><p>Per i soggiorni mensili \u00e8 previsto uno svuotamento pattumiere a settimana, pi\u00f9 un cambio completo e pulizia dell\u2019intero appartamento una volta a settimana. Sono disponibili su richiesta cambi e pulizie extra, a pagamento, da concordare con la reception.<\/p><p><u>CONDIZIONI PER I BAMBINI<\/u><br \/>I bambini sono i benvenuti da Ah Villaglori, i bambini fino a tre anni soggiornano gratuitamente nella nostra struttura e non c\u2019\u00e8 un lettino per loro, \u00e8 possibile prenotare un lettino a 10\u20ac a notte. I bambini dai tre anni di et\u00e0 sono inclusi nel nostro listino come \u201cadulti\u201d per loro \u00e8 previsto posto letto e asciugamani.<\/p><p><u>VIETATO FUMARE <\/u><\/p><p>Tutti gli appartamenti camere sono per non fumatori.<\/p><p><u>ANIMALI<\/u><br \/>Amiamo gli animali e sono sempre i benvenuti animali di piccola e media taglia non superiore ai 25kg previa comunicazione al momento della prenotazione. L\u2019ospite accetta e sottoscrive il regolamento animali che gli verr\u00e0 fornito al momento della prenotazione. Per i nostri amici a 4 zampe \u00e8 \u00a0previsto un supplemento di 70\u20ac al mese per soggiorni mensili \/25\u20ac a settimana per soggiorni settimanali: forniremo ciotole per acqua e cibo, coperta e un regalino al loro arrivo.<\/p><h4>Condizioni di prenotazione<\/h4><p>Miglior prezzo, disponibilit\u00e0, condizioni.<br \/>Puoi trovare un prezzo migliore sul nostro sito web online.<\/p><p><u>PAGAMENTI:<\/u><u><br \/><\/u>Per soggiorni giornalieri e settimanali:<\/p><p>Addebito dell\u2019intero importo il giorno del check-in sulla carta di credito fornita al momento della prenotazione.<\/p><p>Per soggiorni mensili:<\/p><p>Pagamento mezzo bonifico o addebito dell\u2019intero importo mensile su carta di credito fornita al momento al momento della prenotazione, 15gg solari antecedenti al giorno d\u2019arrivo.<\/p><p><u>CARTE DI CREDITO<\/u> : MASTERCARD \u2013 VISA \u2013 AMEXCO \/ Debito : MAESTRO<\/p><p><u>CONTANTI:<\/u> Max 4999,00\u20ac<\/p><p><u>CARTA A GARANZIA<\/u>: chiediamo a garanzia della prenotazione un numero di carta di credito con data di scadenza in corso di validit\u00e0.<\/p><p><u>CAUZIONE:<\/u> Per i soggiorni mensili \u00e8 previsto al momento del check in il versamento di una cauzione di 500\u20ac, che verr\u00e0 resa al termine del soggiorno previo controllo dell\u2019integrit\u00e0 dell\u2019appartamento.<\/p><p><u>CARTE DI CREDITO: <\/u>Tutte le prenotazioni devono essere garantite da una carta di credito valida. La struttura pu\u00f2 pre-autorizzare 0,01\u20ac per verificare la tua carta, se la carta di credito non \u00e8 valida la struttura pu\u00f2 cancellare la prenotazione.<\/p><p><u>GRUPPI ED EVENTI:<\/u> Per un numero limitato di persone e in bassa stagione possiamo ospitare esperienze curate, piccoli gruppi o incontri di lavoro mirati.<\/p><p><u>COUPON REGALO:<\/u> E\u2019 possibile richiedere un coupon per un soggiorno da regalare, i quali possono avere condizioni diverse come periodo, tipo di camera, tipo di prodotto, importo totale di euro. Ogni coupon ha un codice di riscatto con una data di scadenza, dopo tale data non sar\u00e0 pi\u00f9 ritenuto valido.<\/p><p><u>OFFERTE WEB<\/u>: sul nostro sito trovi le nostre offerte speciali pensate per ogni occasione.<\/p><p><u>SOGGIORNO MINIMO\/PREZZI:<\/u> Durante l\u2019anno possono essere applicate politiche di soggiorno minimo e prezzi differenti.<\/p><h4>Politica di cancellazione<\/h4><p><u>TARIFFA FLESSIBILE:<\/u><br \/><a name=\"cancelpolicy\"><\/a><br \/>Cancellazione gratuita fino al settimo giorno prima dell\u2019arrivo per i soggiorni giornalieri, dal sesto giorno in poi verr\u00e0 addebitato il 50% del soggiorno.<\/p><p>Cancellazione gratuita fino al quindicesimo giorno prima dell\u2019arrivo per i soggiorni mensili e settimanali, dal sesto giorno in poi verr\u00e0 addebitato il 100% del soggiorno.<\/p><p><u>N.B: per spese di cancellazione l<\/u><u>\u2019<\/u><u>importo sar<\/u><u>\u00e0 <\/u><u>addebitato sulla carta di credito a garanzia fornita al momento della prenotazione.<\/u><\/p><h4>FAQ<\/h4><p><u>In<\/u><u> questa sezione cerchiamo di rispondere alle vostre domande pi\u00f9 frequenti.<\/u><\/p><p>La nostra reception \u00e8 disponibile per aiutarti e assisterti per qualsiasi richiesta.<\/p><p><strong>Quanto dista la struttura dal centro storico di Brescia<\/strong>? L\u2019hotel dista 2,6km dal centro di Sal\u00f2.<\/p><p><strong>Come raggiungervi<\/strong>? La struttura dista 2,7km dalla Stazione Centrale dei treni, \u00e8 possibile raggiungerci da l\u00ec in taxi oppure tramite i mezzi pubblici. La Citt\u00e0 di Brescia \u00e8 fornita anche di un sistema di stazioni metropolitane, info in reception.<\/p><p><strong>Posso prenotare un parcheggio privato<\/strong>? Sono disponibili un numero limitato di parcheggi riservati alla struttura all\u2019interno del parcheggio del comparto, \u00e8 richiesta la prenotazione richiesta con<\/p><p><strong>Wi-Fi<\/strong>? E\u2019 disponibile in tutta la struttura, troverai la password nel tuo appartamento.<\/p><p><strong>Avete una lavanderia a disposizione degli ospiti<\/strong>? Lavanderia con lavatrici e asciugatrici sono disponibili al primo piano. A disposizione detersivo a pagamento in reception.<\/p><p><strong>Posso invitare persone a salutarmi nel mio appartamento<\/strong>? Certo, ma devono registrarsi alla reception. La tua sicurezza \u00e8 sempre la nostra massima priorit\u00e0!<\/p><p><strong>Come avviene il self check-in<\/strong>? Dopo l\u2019invio dei documenti dei componenti della prenotazione al nostro numero whatsapp +39 351 623 13 77, vi forniremo un codice numero per accedere alla struttura e vi comunicheremo il numero del vostro appartamento. Troverete la tessera magnetica per far funzionare elettricit\u00e0, raffrescamento\/riscaldamento e per entrare\/uscire gi\u00e0 inserita nell\u2019apposito alloggiamento sul muro all\u2019entrata del vostro appartamento. Vi ricordiamo di non dimenticare la tessera all\u2019interno dell\u2019abitazione perch\u00e9 necessaria all\u2019apertura di tutte le porte d\u2019entrata, e per precauzione di non lasciarla accanto a telefoni o apparecchiature elettroniche.<\/p><p><strong>Posso aggiungere giorni alla mia prenotazione<\/strong>? Chiedi alla reception, in base alla disponibilit\u00e0 cercheranno di aiutarti a prolungare al mio soggiorno!<\/p><p><strong>Avete una culla e un seggiolone a disposizione<\/strong>? Chiedete in reception e saranno preparati nell\u2019appartamento.<\/p><p><strong>Non voglio lavare i miei vestiti, posso farveli portare in lavanderia<\/strong>? Troverai nell\u2019armadio un contenitore usa e getta per la biancheria e un modulo da compilare, consegnalo in reception o comunicaci di ritirarlo, e ti faremo avere entro 48h i vestiti puliti in appartamento.<\/p><p><strong>Servizio di fiori freschi<\/strong>? Verranno consegnati fiori freschi su misura per le vostre esigenze, chiedere alla reception.<\/p><p><strong>Posso darti suggerimenti sugli appartamenti<\/strong>? Suggerimenti e richieste sono ben accetti per migliorare il vostro soggiorno, siamo qui per migliorare noi stessi e la vostra esperienza qui!<\/p><p><strong>Come posso lasciarti i miei suggerimenti<\/strong>? Al tuo check out riceverai via mail un modulo online da compilare con la recensione del tuo soggiorno.<\/p>\t\t\t\t\t\t<\/div>\n\t\t\t\t<\/div>\n\t\t\t\t\t<\/div>\n\t\t<\/div>\n\t\t\t\t\t\t\t<\/div>\n\t\t<\/div>\n\t\t\t\t\t\t\t<\/div>\n\t\t","protected":false},"excerpt":{"rendered":"<p>Condizioni Ah Villaglori RECEPTIONLun &#8211; Ven: 08:30 &#8211; 13:30 Sab: 09:00 &#8211; 12:00 Dom: chiuso SELF CHECK IN &gt; 14:30 CHECK OUT&gt; 08:30 -10:00 PARCHEGGIOParcheggio gratuito su disponibilit\u00e0, incluso nella tariffa standard, previa prenotazione in reception CAMERE\/APPARTAMENTIBILOCALE COMFORT \u00a0Tre appartamenti di questa tipologia, sono dotati di una camera da letto matrimoniale, un bagno e un [&hellip;]<\/p>\n","protected":false},"author":3,"featured_media":0,"parent":0,"menu_order":0,"comment_status":"closed","ping_status":"closed","template":"","meta":{"inline_featured_image":false,"footnotes":""},"class_list":["post-16272","page","type-page","status-publish","hentry"],"_links":{"self":[{"href":"https:\/\/www.ahvillaglori.com\/it\/wp-json\/wp\/v2\/pages\/16272"}],"collection":[{"href":"https:\/\/www.ahvillaglori.com\/it\/wp-json\/wp\/v2\/pages"}],"about":[{"href":"https:\/\/www.ahvillaglori.com\/it\/wp-json\/wp\/v2\/types\/page"}],"author":[{"embeddable":true,"href":"https:\/\/www.ahvillaglori.com\/it\/wp-json\/wp\/v2\/users\/3"}],"replies":[{"embeddable":true,"href":"https:\/\/www.ahvillaglori.com\/it\/wp-json\/wp\/v2\/comments?post=16272"}],"version-history":[{"count":17,"href":"https:\/\/www.ahvillaglori.com\/it\/wp-json\/wp\/v2\/pages\/16272\/revisions"}],"predecessor-version":[{"id":17203,"href":"https:\/\/www.ahvillaglori.com\/it\/wp-json\/wp\/v2\/pages\/16272\/revisions\/17203"}],"wp:attachment":[{"href":"https:\/\/www.ahvillaglori.com\/it\/wp-json\/wp\/v2\/media?parent=16272"}],"curies":[{"name":"wp","href":"https:\/\/api.w.org\/{rel}","templated":true}]}}